{"id":765,"date":"2025-03-12T16:13:05","date_gmt":"2025-03-12T16:13:05","guid":{"rendered":"https:\/\/new.duvinails.ch\/?page_id=765"},"modified":"2025-03-19T21:19:33","modified_gmt":"2025-03-19T21:19:33","slug":"naegel-garantie","status":"publish","type":"page","link":"https:\/\/new.duvinails.ch\/en\/nails-guarantee\/","title":{"rendered":"NAIL GUARANTEE"},"content":{"rendered":"<div data-elementor-type=\"wp-page\" data-elementor-id=\"765\" class=\"elementor elementor-765\" data-elementor-post-type=\"page\">\n\t\t\t\t<div class=\"elementor-element elementor-element-21a14de e-flex e-con-boxed e-con e-parent\" data-id=\"21a14de\" data-element_type=\"container\" data-settings=\"{&quot;background_background&quot;:&quot;classic&quot;}\">\n\t\t\t\t\t<div class=\"e-con-inner\">\n\t\t\t\t\t<\/div>\n\t\t\t\t<\/div>\n\t\t<div class=\"elementor-element elementor-element-ad29639 e-flex e-con-boxed e-con e-parent\" data-id=\"ad29639\" data-element_type=\"container\">\n\t\t\t\t\t<div class=\"e-con-inner\">\n\t\t<div class=\"elementor-element elementor-element-6f6c2b0 e-con-full e-flex e-con e-child\" data-id=\"6f6c2b0\" data-element_type=\"container\">\n\t\t<div class=\"elementor-element elementor-element-2101a7c e-con-full e-flex elementor-invisible e-con e-child\" data-id=\"2101a7c\" data-element_type=\"container\" data-settings=\"{&quot;animation&quot;:&quot;fadeIn&quot;}\">\n\t\t\t\t<div class=\"elementor-element elementor-element-332b86f elementor-widget elementor-widget-image\" data-id=\"332b86f\" data-element_type=\"widget\" data-settings=\"{&quot;_animation_mobile&quot;:&quot;fadeIn&quot;,&quot;sticky&quot;:&quot;top&quot;,&quot;sticky_on&quot;:[&quot;desktop&quot;],&quot;sticky_offset&quot;:75,&quot;sticky_effects_offset&quot;:0,&quot;sticky_anchor_link_offset&quot;:0}\" data-widget_type=\"image.default\">\n\t\t\t\t\t\t\t\t\t\t\t\t\t\t\t<img fetchpriority=\"high\" decoding=\"async\" width=\"626\" height=\"542\" src=\"https:\/\/new.duvinails.ch\/wp-content\/uploads\/2025\/02\/unhas-vermelhas-decoradas-7.webp\" class=\"attachment-large size-large wp-image-270\" alt=\"\" srcset=\"https:\/\/new.duvinails.ch\/wp-content\/uploads\/2025\/02\/unhas-vermelhas-decoradas-7.webp 626w, https:\/\/new.duvinails.ch\/wp-content\/uploads\/2025\/02\/unhas-vermelhas-decoradas-7-300x260.webp 300w\" sizes=\"(max-width: 626px) 100vw, 626px\" \/>\t\t\t\t\t\t\t\t\t\t\t\t\t\t\t<\/div>\n\t\t\t\t<\/div>\n\t\t<div class=\"elementor-element elementor-element-6387b2e e-con-full e-flex e-con e-child\" data-id=\"6387b2e\" data-element_type=\"container\" data-settings=\"{&quot;animation_mobile&quot;:&quot;fadeIn&quot;}\">\n\t\t<div class=\"elementor-element elementor-element-796400f e-con-full e-flex e-con e-child\" data-id=\"796400f\" data-element_type=\"container\">\n\t\t\t\t<div class=\"elementor-element elementor-element-53e4880 elementor-invisible elementor-widget elementor-widget-heading\" data-id=\"53e4880\" data-element_type=\"widget\" data-settings=\"{&quot;_animation&quot;:&quot;fadeInDown&quot;}\" data-widget_type=\"heading.default\">\n\t\t\t\t\t<h2 class=\"elementor-heading-title elementor-size-default\">NAIL GUARANTEE\n<\/h2>\t\t\t\t<\/div>\n\t\t\t\t<div class=\"elementor-element elementor-element-8f844d7 elementor-invisible elementor-widget elementor-widget-text-editor\" data-id=\"8f844d7\" data-element_type=\"widget\" data-settings=\"{&quot;_animation&quot;:&quot;fadeIn&quot;}\" data-widget_type=\"text-editor.default\">\n\t\t\t\t\t\t\t\t\t<p><span style=\"font-weight: 400;\">We want you to be completely satisfied with our services. That's why we offer a guarantee for our nail treatments. Should your gel polish flake or peel, we offer a touch-up or re-polish depending on the condition.<\/span><\/p><p><span style=\"font-weight: 400;\">If your acrylic nails or gel nails chip, break or tear, we will be happy to repair them under our guarantee.<br \/><\/span><\/p><p><b>Important note:<\/b><span style=\"font-weight: 400;\"> Please bring your customer card with you to your next visit so that we can verify the date of your last treatment. We cannot confirm the guarantee period without a customer card.<\/span><\/p>\t\t\t\t\t\t\t\t<\/div>\n\t\t\t\t<\/div>\n\t\t<div class=\"elementor-element elementor-element-8721542 e-con-full e-flex e-con e-child\" data-id=\"8721542\" data-element_type=\"container\">\n\t\t\t\t<div class=\"elementor-element elementor-element-17b8e9d elementor-invisible elementor-widget elementor-widget-heading\" data-id=\"17b8e9d\" data-element_type=\"widget\" data-settings=\"{&quot;_animation&quot;:&quot;fadeInDown&quot;}\" data-widget_type=\"heading.default\">\n\t\t\t\t\t<h2 class=\"elementor-heading-title elementor-size-default\">Warranty conditions:\n<\/h2>\t\t\t\t<\/div>\n\t\t\t\t<div class=\"elementor-element elementor-element-ef6f42f elementor-invisible elementor-widget elementor-widget-text-editor\" data-id=\"ef6f42f\" data-element_type=\"widget\" data-settings=\"{&quot;_animation&quot;:&quot;fadeIn&quot;}\" data-widget_type=\"text-editor.default\">\n\t\t\t\t\t\t\t\t\t<p><b>Nails with gel polish:<\/b><\/p><ul><li aria-level=\"1\"><b>Guarantee period: 1 week from the last visit.<\/b><\/li><\/ul><ul><li style=\"font-weight: 400;\" aria-level=\"1\"><span style=\"font-weight: 400;\">Contact with the salon must be established within 1 week.<\/span><\/li><\/ul><p><b>Acrylic or gel nails:<\/b><\/p><ul><li aria-level=\"1\"><b>Guarantee period: 2 weeks from the last visit.<\/b><\/li><\/ul><ul><li style=\"font-weight: 400;\" aria-level=\"1\"><span style=\"font-weight: 400;\">Contact with the salon must be established within 2 weeks.<\/span><\/li><\/ul><p><span style=\"font-weight: 400;\">Please note that replacement nails will only be provided if the original treatment was defective due to an error on our part. If individual nails are damaged due to unforeseen circumstances, the warranty only covers the affected nails. Our aim is to guarantee the highest quality standards and ensure your satisfaction.<\/span><\/p>\t\t\t\t\t\t\t\t<\/div>\n\t\t\t\t<\/div>\n\t\t<div class=\"elementor-element elementor-element-23679ef e-con-full e-flex e-con e-child\" data-id=\"23679ef\" data-element_type=\"container\">\n\t\t\t\t<div class=\"elementor-element elementor-element-ff67855 elementor-invisible elementor-widget elementor-widget-heading\" data-id=\"ff67855\" data-element_type=\"widget\" data-settings=\"{&quot;_animation&quot;:&quot;fadeInDown&quot;}\" data-widget_type=\"heading.default\">\n\t\t\t\t\t<h2 class=\"elementor-heading-title elementor-size-default\">Customer satisfaction:\n<\/h2>\t\t\t\t<\/div>\n\t\t\t\t<div class=\"elementor-element elementor-element-b0d2f4d elementor-invisible elementor-widget elementor-widget-text-editor\" data-id=\"b0d2f4d\" data-element_type=\"widget\" data-settings=\"{&quot;_animation&quot;:&quot;fadeIn&quot;}\" data-widget_type=\"text-editor.default\">\n\t\t\t\t\t\t\t\t\t<p><span style=\"font-weight: 400;\">At DUVI Nails, we make every effort to ensure that you are completely satisfied with every aspect of your visit. If you have any concerns or are not completely satisfied, please do not hesitate to contact us. We are here to help you!<\/span><\/p><p><span style=\"font-weight: 400;\">Please attach a photo of your loyalty card and a clear picture of your nails, eyelashes or the relevant service. Our dedicated team will review your message immediately and respond as soon as possible. We aim to resolve any issues quickly and to your complete satisfaction.<\/span><\/p><p><span style=\"font-weight: 400;\">Your feedback is very important to us and we are here to make sure we find the best solution for you!<\/span><\/p>\t\t\t\t\t\t\t\t<\/div>\n\t\t\t\t<\/div>\n\t\t\t\t<\/div>\n\t\t\t\t<\/div>\n\t\t\t\t\t<\/div>\n\t\t\t\t<\/div>\n\t\t\t\t<\/div>","protected":false},"excerpt":{"rendered":"<p>N\u00c4GEL-GARANTIE Wir m\u00f6chten, dass du mit unseren Dienstleistungen vollkommen zufrieden bist. Deshalb bieten wir eine Garantie f\u00fcr unsere Nagelbehandlungen an. Sollte deine Gel-Politur abbl\u00e4ttern oder sich sch\u00e4len, bieten wir je nach Zustand eine Nachbesserung oder Nachpolitur an. Falls deine Acryln\u00e4gel oder Gel-N\u00e4gel absplittern, abbrechen oder reissen, reparieren wir sie gerne im Rahmen unserer Garantie. Wichtiger [&hellip;]<\/p>","protected":false},"author":2,"featured_media":0,"parent":0,"menu_order":0,"comment_status":"closed","ping_status":"closed","template":"elementor_header_footer","meta":{"footnotes":""},"class_list":["post-765","page","type-page","status-publish","hentry"],"_links":{"self":[{"href":"https:\/\/new.duvinails.ch\/en\/wp-json\/wp\/v2\/pages\/765","targetHints":{"allow":["GET"]}}],"collection":[{"href":"https:\/\/new.duvinails.ch\/en\/wp-json\/wp\/v2\/pages"}],"about":[{"href":"https:\/\/new.duvinails.ch\/en\/wp-json\/wp\/v2\/types\/page"}],"author":[{"embeddable":true,"href":"https:\/\/new.duvinails.ch\/en\/wp-json\/wp\/v2\/users\/2"}],"replies":[{"embeddable":true,"href":"https:\/\/new.duvinails.ch\/en\/wp-json\/wp\/v2\/comments?post=765"}],"version-history":[{"count":0,"href":"https:\/\/new.duvinails.ch\/en\/wp-json\/wp\/v2\/pages\/765\/revisions"}],"wp:attachment":[{"href":"https:\/\/new.duvinails.ch\/en\/wp-json\/wp\/v2\/media?parent=765"}],"curies":[{"name":"wp","href":"https:\/\/api.w.org\/{rel}","templated":true}]}}