{"id":753,"date":"2025-03-12T16:09:10","date_gmt":"2025-03-12T16:09:10","guid":{"rendered":"https:\/\/new.duvinails.ch\/?page_id=753"},"modified":"2025-03-14T15:48:19","modified_gmt":"2025-03-14T15:48:19","slug":"wimpernrichtlinien-garantie","status":"publish","type":"page","link":"https:\/\/new.duvinails.ch\/en\/eyelash-guidelines-guarantee\/","title":{"rendered":"WIMPERNRICHTLINIEN &#038; GARANTIE"},"content":{"rendered":"<div data-elementor-type=\"wp-page\" data-elementor-id=\"753\" class=\"elementor elementor-753\" data-elementor-post-type=\"page\">\n\t\t\t\t<div class=\"elementor-element elementor-element-21a14de e-flex e-con-boxed e-con e-parent\" data-id=\"21a14de\" data-element_type=\"container\" data-settings=\"{&quot;background_background&quot;:&quot;classic&quot;}\">\n\t\t\t\t\t<div class=\"e-con-inner\">\n\t\t\t\t\t<\/div>\n\t\t\t\t<\/div>\n\t\t<div class=\"elementor-element elementor-element-ad29639 e-flex e-con-boxed e-con e-parent\" data-id=\"ad29639\" data-element_type=\"container\">\n\t\t\t\t\t<div class=\"e-con-inner\">\n\t\t<div class=\"elementor-element elementor-element-6f6c2b0 e-con-full e-flex e-con e-child\" data-id=\"6f6c2b0\" data-element_type=\"container\">\n\t\t<div class=\"elementor-element elementor-element-2101a7c e-con-full e-flex elementor-invisible e-con e-child\" data-id=\"2101a7c\" data-element_type=\"container\" data-settings=\"{&quot;animation&quot;:&quot;fadeIn&quot;}\">\n\t\t\t\t<div class=\"elementor-element elementor-element-332b86f elementor-widget elementor-widget-image\" data-id=\"332b86f\" data-element_type=\"widget\" data-settings=\"{&quot;_animation_mobile&quot;:&quot;fadeIn&quot;,&quot;sticky&quot;:&quot;top&quot;,&quot;sticky_on&quot;:[&quot;desktop&quot;],&quot;sticky_offset&quot;:75,&quot;sticky_effects_offset&quot;:0,&quot;sticky_anchor_link_offset&quot;:0}\" data-widget_type=\"image.default\">\n\t\t\t\t\t\t\t\t\t\t\t\t\t\t\t<img fetchpriority=\"high\" decoding=\"async\" width=\"500\" height=\"500\" src=\"https:\/\/new.duvinails.ch\/wp-content\/uploads\/2025\/03\/lash-shed-shutterstock.webp\" class=\"attachment-full size-full wp-image-767\" alt=\"\" srcset=\"https:\/\/new.duvinails.ch\/wp-content\/uploads\/2025\/03\/lash-shed-shutterstock.webp 500w, https:\/\/new.duvinails.ch\/wp-content\/uploads\/2025\/03\/lash-shed-shutterstock-300x300.webp 300w, https:\/\/new.duvinails.ch\/wp-content\/uploads\/2025\/03\/lash-shed-shutterstock-150x150.webp 150w, https:\/\/new.duvinails.ch\/wp-content\/uploads\/2025\/03\/lash-shed-shutterstock-12x12.webp 12w\" sizes=\"(max-width: 500px) 100vw, 500px\" \/>\t\t\t\t\t\t\t\t\t\t\t\t\t\t\t<\/div>\n\t\t\t\t<\/div>\n\t\t<div class=\"elementor-element elementor-element-6387b2e e-con-full e-flex e-con e-child\" data-id=\"6387b2e\" data-element_type=\"container\" data-settings=\"{&quot;animation_mobile&quot;:&quot;fadeIn&quot;}\">\n\t\t<div class=\"elementor-element elementor-element-796400f e-con-full e-flex e-con e-child\" data-id=\"796400f\" data-element_type=\"container\">\n\t\t\t\t<div class=\"elementor-element elementor-element-53e4880 elementor-invisible elementor-widget elementor-widget-heading\" data-id=\"53e4880\" data-element_type=\"widget\" data-settings=\"{&quot;_animation&quot;:&quot;fadeInDown&quot;}\" data-widget_type=\"heading.default\">\n\t\t\t\t\t<h2 class=\"elementor-heading-title elementor-size-default\">Important notes on eyelash extensions\n<\/h2>\t\t\t\t<\/div>\n\t\t\t\t<div class=\"elementor-element elementor-element-8f844d7 elementor-invisible elementor-widget elementor-widget-text-editor\" data-id=\"8f844d7\" data-element_type=\"widget\" data-settings=\"{&quot;_animation&quot;:&quot;fadeIn&quot;}\" data-widget_type=\"text-editor.default\">\n\t\t\t\t\t\t\t\t\t<p><span style=\"font-weight: 400;\">We do not recommend eyelash extensions if:<\/span><\/p><ul><li style=\"font-weight: 400;\" aria-level=\"1\"><span style=\"font-weight: 400;\">You have an allergy.<\/span><\/li><li style=\"font-weight: 400;\" aria-level=\"1\"><span style=\"font-weight: 400;\">You are in your menstrual phase.<\/span><\/li><li style=\"font-weight: 400;\" aria-level=\"1\"><span style=\"font-weight: 400;\">you suffer from a serious illness (e.g. cancer, diabetes).<\/span><\/li><\/ul><p><span style=\"font-weight: 400;\">In these cases, the adhesive may not adhere optimally, which can affect the durability of the eyelash extensions. There is also a risk of an allergic reaction with swelling of the eyes.<\/span><\/p>\t\t\t\t\t\t\t\t<\/div>\n\t\t\t\t<\/div>\n\t\t<div class=\"elementor-element elementor-element-8721542 e-con-full e-flex e-con e-child\" data-id=\"8721542\" data-element_type=\"container\">\n\t\t\t\t<div class=\"elementor-element elementor-element-17b8e9d elementor-invisible elementor-widget elementor-widget-heading\" data-id=\"17b8e9d\" data-element_type=\"widget\" data-settings=\"{&quot;_animation&quot;:&quot;fadeInDown&quot;}\" data-widget_type=\"heading.default\">\n\t\t\t\t\t<h2 class=\"elementor-heading-title elementor-size-default\">Warranty conditions:\n<\/h2>\t\t\t\t<\/div>\n\t\t\t\t<div class=\"elementor-element elementor-element-ef6f42f elementor-invisible elementor-widget elementor-widget-text-editor\" data-id=\"ef6f42f\" data-element_type=\"widget\" data-settings=\"{&quot;_animation&quot;:&quot;fadeIn&quot;}\" data-widget_type=\"text-editor.default\">\n\t\t\t\t\t\t\t\t\t<ul><li style=\"font-weight: 400;\" aria-level=\"1\"><b>Guarantee period: 3 days from the date of treatment.<\/b><\/li><li style=\"font-weight: 400;\" aria-level=\"1\"><span style=\"font-weight: 400;\">Contact with the salon must be made within this period.<\/span><\/li><li style=\"font-weight: 400;\" aria-level=\"1\"><span style=\"font-weight: 400;\">You need to keep some fancy lashes to show your lash technician.<\/span><\/li><li style=\"font-weight: 400;\" aria-level=\"1\"><span style=\"font-weight: 400;\">If a repair is required, it must be arranged within 3 days of the initial treatment. After that, the warranty expires.<\/span><\/li><\/ul>\t\t\t\t\t\t\t\t<\/div>\n\t\t\t\t<\/div>\n\t\t<div class=\"elementor-element elementor-element-201e7ca e-con-full e-flex e-con e-child\" data-id=\"201e7ca\" data-element_type=\"container\">\n\t\t\t\t<div class=\"elementor-element elementor-element-c5f08cf elementor-invisible elementor-widget elementor-widget-heading\" data-id=\"c5f08cf\" data-element_type=\"widget\" data-settings=\"{&quot;_animation&quot;:&quot;fadeInDown&quot;}\" data-widget_type=\"heading.default\">\n\t\t\t\t\t<h2 class=\"elementor-heading-title elementor-size-default\">Refund policy:\n<\/h2>\t\t\t\t<\/div>\n\t\t\t\t<div class=\"elementor-element elementor-element-c9e59e5 elementor-invisible elementor-widget elementor-widget-text-editor\" data-id=\"c9e59e5\" data-element_type=\"widget\" data-settings=\"{&quot;_animation&quot;:&quot;fadeIn&quot;}\" data-widget_type=\"text-editor.default\">\n\t\t\t\t\t\t\t\t\t<p><b>If you are not satisfied with our work, you are entitled to a 501TP3 refund within 3 days.<\/b><\/p><ul><li><span style=\"font-weight: 400;\">You will only be reimbursed if you come to our salon so that our eyelash technician can remove the eyelash extensions.<\/span><\/li><\/ul>\t\t\t\t\t\t\t\t<\/div>\n\t\t\t\t<\/div>\n\t\t<div class=\"elementor-element elementor-element-33a6262 e-con-full e-flex e-con e-child\" data-id=\"33a6262\" data-element_type=\"container\">\n\t\t\t\t<div class=\"elementor-element elementor-element-57136b1 elementor-invisible elementor-widget elementor-widget-heading\" data-id=\"57136b1\" data-element_type=\"widget\" data-settings=\"{&quot;_animation&quot;:&quot;fadeInDown&quot;}\" data-widget_type=\"heading.default\">\n\t\t\t\t\t<h2 class=\"elementor-heading-title elementor-size-default\">Care instructions:\n<\/h2>\t\t\t\t<\/div>\n\t\t\t\t<div class=\"elementor-element elementor-element-12d5c6e elementor-invisible elementor-widget elementor-widget-text-editor\" data-id=\"12d5c6e\" data-element_type=\"widget\" data-settings=\"{&quot;_animation&quot;:&quot;fadeIn&quot;}\" data-widget_type=\"text-editor.default\">\n\t\t\t\t\t\t\t\t\t<ul><li style=\"font-weight: 400;\" aria-level=\"1\"><span style=\"font-weight: 400;\">Do not wash your eyes with water for the first two days after treatment.<\/span><\/li><li style=\"font-weight: 400;\" aria-level=\"1\"><span style=\"font-weight: 400;\">Improper aftercare can invalidate the guarantee. In this case, you can either have the missing eyelashes filled at your next appointment or have them repaired on site for a fee.<\/span><\/li><\/ul><p><span style=\"font-weight: 400;\">If you are not satisfied for any reason, please let us know. We can only find a solution if we know about your concerns!<\/span><\/p>\t\t\t\t\t\t\t\t<\/div>\n\t\t\t\t<\/div>\n\t\t\t\t<\/div>\n\t\t\t\t<\/div>\n\t\t\t\t\t<\/div>\n\t\t\t\t<\/div>\n\t\t\t\t<\/div>","protected":false},"excerpt":{"rendered":"<p>Wichtige Hinweise zur Wimpernverl\u00e4ngerung Wir empfehlen, keine Wimpernverl\u00e4ngerungen durchzuf\u00fchren, wenn: Du eine Allergie hast. Du dich in deiner Menstruationsphase befindest. Du an einer schweren Krankheit leidest (z. B. Krebs, Diabetes). In diesen F\u00e4llen kann der Klebstoff nicht optimal haften, was die Haltbarkeit der Wimpernverl\u00e4ngerung beeintr\u00e4chtigen kann. Zudem besteht das Risiko einer allergischen Reaktion mit Schwellungen [&hellip;]<\/p>","protected":false},"author":2,"featured_media":0,"parent":0,"menu_order":0,"comment_status":"closed","ping_status":"closed","template":"elementor_header_footer","meta":{"footnotes":""},"class_list":["post-753","page","type-page","status-publish","hentry"],"_links":{"self":[{"href":"https:\/\/new.duvinails.ch\/en\/wp-json\/wp\/v2\/pages\/753","targetHints":{"allow":["GET"]}}],"collection":[{"href":"https:\/\/new.duvinails.ch\/en\/wp-json\/wp\/v2\/pages"}],"about":[{"href":"https:\/\/new.duvinails.ch\/en\/wp-json\/wp\/v2\/types\/page"}],"author":[{"embeddable":true,"href":"https:\/\/new.duvinails.ch\/en\/wp-json\/wp\/v2\/users\/2"}],"replies":[{"embeddable":true,"href":"https:\/\/new.duvinails.ch\/en\/wp-json\/wp\/v2\/comments?post=753"}],"version-history":[{"count":0,"href":"https:\/\/new.duvinails.ch\/en\/wp-json\/wp\/v2\/pages\/753\/revisions"}],"wp:attachment":[{"href":"https:\/\/new.duvinails.ch\/en\/wp-json\/wp\/v2\/media?parent=753"}],"curies":[{"name":"wp","href":"https:\/\/api.w.org\/{rel}","templated":true}]}}